{"id":123,"date":"2017-03-01T13:02:28","date_gmt":"2017-03-01T12:02:28","guid":{"rendered":"http:\/\/www.autobogus.pl\/?page_id=123"},"modified":"2021-08-25T13:25:51","modified_gmt":"2021-08-25T12:25:51","slug":"o-nas","status":"publish","type":"page","link":"https:\/\/www.autobogus.pl\/","title":{"rendered":"O nas"},"content":{"rendered":"<p>Warsztat samochodowy w Kamie\u0144cu Z\u0105bkowickim. Zwyci\u0119zca: <a href=\"https:\/\/autopartner.com\/blog\/wielki-final-ap-expert-2019-juz-za-nami\/\">AP EXPERT 2019<\/a>, <a style=\"text-decoration: none;\" title=\"AP EXPERT 2015\" href=\"https:\/\/www.apexpert.pl\/edycja-2015.html\" target=\"_blank\" rel=\"noopener noreferrer\">AP EXPERT 2015<\/a>,<a style=\"text-decoration: none;\" title=\"Master mechanic 2014\" href=\"https:\/\/warsztatowiec.info\/mistrzowie-warsztatow\/\" target=\"_blank\" rel=\"noopener noreferrer\"> Master mechanic 2014<\/a>,<a style=\"text-decoration: none;\" title=\"Mechanik roku 2009\" href=\"http:\/\/motofocus.pl\/nowosci\/5472\/znamy-mechanika-roku-2009\" target=\"_blank\" rel=\"noopener noreferrer\"> Mechanik roku 2009, <\/a><a href=\"http:\/\/zabkowice.express-miejski.pl\/wiadomosc\/27915,ogolnopolski-mistrz-mechanikow-z-kamienca-zabkowickiego\">Mistrz Mechanik\u00f3w Zawodowych 2017<\/a><a style=\"text-decoration: none;\" title=\"Mechanik roku 2009\" href=\"http:\/\/motofocus.pl\/nowosci\/5472\/znamy-mechanika-roku-2009\" target=\"_blank\" rel=\"noopener noreferrer\">\u00a0<\/a>oraz drugie i trzecie miejsce w konkursie<a style=\"text-decoration: none;\" title=\"AP Expert 2014\" href=\"http:\/\/www.apexpert.pl\/edycja-2014.html\" target=\"_blank\" rel=\"noopener noreferrer\">: AP Expert 2014, \u00a0<\/a><a style=\"text-decoration: none;\" title=\"AP EXPERT 2015\" href=\"http:\/\/www.apexpert.pl\/edycja-2017.html\" target=\"_blank\" rel=\"noopener noreferrer\">AP EXPERT 2017<\/a>,\u00a0<a title=\"AP EXPERT 2015\" href=\"http:\/\/autopartner.com\/blog\/5-edycja-ap-expert-2018\/\" target=\"_blank\" rel=\"noopener noreferrer\">AP EXPERT 2018<\/a><a style=\"text-decoration: none;\" title=\"AP Expert 2014\" href=\"http:\/\/www.apexpert.pl\/index.html\" target=\"_blank\" rel=\"noopener noreferrer\">.<\/a> Odwied\u017a nasz\u0105 galeri\u0119 aby zobaczy\u0107 wi\u0119cej.<\/p>\n<p>Mo\u017cliwa p\u0142atno\u015b\u0107 kartami kredytowymi. Serwis samochod\u00f3w osobowy i dostawczych. Specjalizacja AUDI i VW. Warsztat nale\u017c\u0105cy do grupy Q-SERVICE oraz BOSCH partner.<\/p>\n<p>Mo\u017cliwo\u015b\u0107 wynajmu auta zast\u0119pczego <a href=\"http:\/\/www.autobogus.pl\/wp-content\/uploads\/2016\/07\/warunki-wynajmu.pdf\">(Regulamin)<\/a><\/p>\n<p>Zapraszamy na kaw\u0119 oraz do naszego nowo otwartego biura.<\/p>\n<p><center><br \/>\n<a href=\"https:\/\/www.autobogus.pl\/wp-content\/uploads\/2020\/05\/Nowy-warsztat.jpg\"><img loading=\"lazy\" decoding=\"async\" class=\"alignnone size-medium wp-image-400\" src=\"https:\/\/www.autobogus.pl\/wp-content\/uploads\/2020\/05\/Nowy-warsztat-300x157.jpg\" alt=\"\" width=\"300\" height=\"157\" srcset=\"https:\/\/www.autobogus.pl\/wp-content\/uploads\/2020\/05\/Nowy-warsztat-300x157.jpg 300w, https:\/\/www.autobogus.pl\/wp-content\/uploads\/2020\/05\/Nowy-warsztat-1024x536.jpg 1024w, https:\/\/www.autobogus.pl\/wp-content\/uploads\/2020\/05\/Nowy-warsztat-768x402.jpg 768w, https:\/\/www.autobogus.pl\/wp-content\/uploads\/2020\/05\/Nowy-warsztat-24x13.jpg 24w, https:\/\/www.autobogus.pl\/wp-content\/uploads\/2020\/05\/Nowy-warsztat-36x19.jpg 36w, https:\/\/www.autobogus.pl\/wp-content\/uploads\/2020\/05\/Nowy-warsztat-48x25.jpg 48w, https:\/\/www.autobogus.pl\/wp-content\/uploads\/2020\/05\/Nowy-warsztat.jpg 1328w\" sizes=\"auto, (max-width: 300px) 100vw, 300px\" \/><\/a>\u00a0 \u00a0 \u00a0 <a href=\"http:\/\/www.autobogus.pl\/wp-content\/uploads\/2017\/04\/IMG_20170402_134455.jpg\"><img loading=\"lazy\" decoding=\"async\" class=\"alignnone size-medium wp-image-170\" src=\"http:\/\/www.autobogus.pl\/wp-content\/uploads\/2017\/04\/IMG_20170402_134455-300x157.jpg\" alt=\"\" width=\"300\" height=\"157\" srcset=\"https:\/\/www.autobogus.pl\/wp-content\/uploads\/2017\/04\/IMG_20170402_134455-300x157.jpg 300w, https:\/\/www.autobogus.pl\/wp-content\/uploads\/2017\/04\/IMG_20170402_134455-768x403.jpg 768w, https:\/\/www.autobogus.pl\/wp-content\/uploads\/2017\/04\/IMG_20170402_134455-1024x537.jpg 1024w, https:\/\/www.autobogus.pl\/wp-content\/uploads\/2017\/04\/IMG_20170402_134455.jpg 1328w\" sizes=\"auto, (max-width: 300px) 100vw, 300px\" \/><\/a><\/center><\/p>\n","protected":false},"excerpt":{"rendered":"<p>Warsztat samochodowy w Kamie\u0144cu Z\u0105bkowickim. Zwyci\u0119zca: AP EXPERT 2019, AP EXPERT 2015, Master mechanic 2014, Mechanik roku 2009, Mistrz Mechanik\u00f3w Zawodowych 2017\u00a0oraz drugie i trzecie miejsce w konkursie: AP Expert 2014, \u00a0AP EXPERT 2017,\u00a0AP EXPERT 2018. Odwied\u017a nasz\u0105 galeri\u0119 aby zobaczy\u0107 wi\u0119cej. Mo\u017cliwa p\u0142atno\u015b\u0107 kartami kredytowymi. Serwis samochod\u00f3w osobowy i dostawczych. Specjalizacja AUDI i VW. &#8230; <a title=\"O nas\" class=\"read-more\" href=\"https:\/\/www.autobogus.pl\/\">Czytaj dalej<span class=\"screen-reader-text\">O nas<\/span><\/a><\/p>\n","protected":false},"author":3,"featured_media":0,"parent":0,"menu_order":0,"comment_status":"closed","ping_status":"closed","template":"","meta":{"footnotes":""},"class_list":["post-123","page","type-page","status-publish"],"_links":{"self":[{"href":"https:\/\/www.autobogus.pl\/index.php?rest_route=\/wp\/v2\/pages\/123","targetHints":{"allow":["GET"]}}],"collection":[{"href":"https:\/\/www.autobogus.pl\/index.php?rest_route=\/wp\/v2\/pages"}],"about":[{"href":"https:\/\/www.autobogus.pl\/index.php?rest_route=\/wp\/v2\/types\/page"}],"author":[{"embeddable":true,"href":"https:\/\/www.autobogus.pl\/index.php?rest_route=\/wp\/v2\/users\/3"}],"replies":[{"embeddable":true,"href":"https:\/\/www.autobogus.pl\/index.php?rest_route=%2Fwp%2Fv2%2Fcomments&post=123"}],"version-history":[{"count":37,"href":"https:\/\/www.autobogus.pl\/index.php?rest_route=\/wp\/v2\/pages\/123\/revisions"}],"predecessor-version":[{"id":409,"href":"https:\/\/www.autobogus.pl\/index.php?rest_route=\/wp\/v2\/pages\/123\/revisions\/409"}],"wp:attachment":[{"href":"https:\/\/www.autobogus.pl\/index.php?rest_route=%2Fwp%2Fv2%2Fmedia&parent=123"}],"curies":[{"name":"wp","href":"https:\/\/api.w.org\/{rel}","templated":true}]}}